{"id":3350,"date":"2022-01-04T17:48:43","date_gmt":"2022-01-04T22:48:43","guid":{"rendered":"https:\/\/lecornac.ca\/about\/"},"modified":"2025-02-06T14:36:01","modified_gmt":"2025-02-06T19:36:01","slug":"about","status":"publish","type":"page","link":"https:\/\/lecornac.ca\/en\/about\/","title":{"rendered":"About"},"content":{"rendered":"<p>[et_pb_section fb_built=&#8221;1&#8243; fullwidth=&#8221;on&#8221; _builder_version=&#8221;4.16.0&#8243; background_image=&#8221;https:\/\/lecornac.ca\/wp-content\/uploads\/2022\/01\/life-coach-09.jpg&#8221; filter_contrast=&#8221;98%&#8221; filter_opacity=&#8221;89%&#8221; bottom_divider_flip=&#8221;horizontal&#8221; animation_direction=&#8221;top&#8221; global_colors_info=&#8221;{}&#8221;][et_pb_fullwidth_header title=&#8221;About&#8221; text_orientation=&#8221;center&#8221; background_overlay_color=&#8221;rgba(2,75,107,0.8)&#8221; _builder_version=&#8221;4.27.4&#8243; title_font=&#8221;Lato|700|||||||&#8221; title_font_size=&#8221;57px&#8221; title_line_height=&#8221;1.5em&#8221; content_font=&#8221;Lato||||||||&#8221; content_font_size=&#8221;20px&#8221; content_line_height=&#8221;1.8em&#8221; subhead_font=&#8221;Lato|700|||||||&#8221; subhead_font_size=&#8221;25px&#8221; subhead_line_height=&#8221;1.5em&#8221; background_color=&#8221;#afafaf&#8221; background_image=&#8221;https:\/\/lecornac.ca\/wp-content\/uploads\/2025\/01\/Screenshot-2025-01-11-at-19.35.02.jpg&#8221; background_position=&#8221;top_center&#8221; background_vertical_offset=&#8221;43%&#8221; custom_margin=&#8221;|||&#8221; custom_padding=&#8221;5vw||5vw||false|false&#8221; title_font_size_tablet=&#8221;36px&#8221; title_font_size_phone=&#8221;&#8221; title_font_size_last_edited=&#8221;on|phone&#8221; global_colors_info=&#8221;{}&#8221; button_one_text_size__hover_enabled=&#8221;off&#8221; button_two_text_size__hover_enabled=&#8221;off&#8221; button_one_text_color__hover_enabled=&#8221;off&#8221; button_two_text_color__hover_enabled=&#8221;off&#8221; button_one_border_width__hover_enabled=&#8221;off&#8221; button_two_border_width__hover_enabled=&#8221;off&#8221; button_one_border_color__hover_enabled=&#8221;off&#8221; button_two_border_color__hover_enabled=&#8221;off&#8221; button_one_border_radius__hover_enabled=&#8221;off&#8221; button_two_border_radius__hover_enabled=&#8221;off&#8221; button_one_letter_spacing__hover_enabled=&#8221;off&#8221; button_two_letter_spacing__hover_enabled=&#8221;off&#8221; button_one_bg_color__hover_enabled=&#8221;off&#8221; button_two_bg_color__hover_enabled=&#8221;off&#8221;][\/et_pb_fullwidth_header][\/et_pb_section][et_pb_section fb_built=&#8221;1&#8243; admin_label=&#8221;Approach&#8221; _builder_version=&#8221;4.16.0&#8243; background_color=&#8221;#FFFFFF&#8221; custom_padding=&#8221;54px|0px|54px|0px|false|false&#8221; global_colors_info=&#8221;{}&#8221;][et_pb_row column_structure=&#8221;1_2,1_2&#8243; custom_padding_last_edited=&#8221;on|phone&#8221; _builder_version=&#8221;4.26.0&#8243; custom_margin=&#8221;|||&#8221; custom_margin_tablet=&#8221;|||&#8221; custom_margin_phone=&#8221;0px||0px||true|false&#8221; custom_margin_last_edited=&#8221;on|phone&#8221; custom_padding_tablet=&#8221;&#8221; custom_padding_phone=&#8221;0px||0px||true|false&#8221; global_colors_info=&#8221;{}&#8221;][et_pb_column type=&#8221;1_2&#8243; _builder_version=&#8221;4.21.0&#8243; custom_padding=&#8221;|||&#8221; custom_padding_tablet=&#8221;|40px||40px||true&#8221; custom_padding_last_edited=&#8221;off|desktop&#8221; global_colors_info=&#8221;{}&#8221; padding_tablet=&#8221;|40px||40px||true&#8221; padding_last_edited=&#8221;off|desktop&#8221; custom_padding__hover=&#8221;|||&#8221;][et_pb_text _builder_version=&#8221;4.21.0&#8243; _module_preset=&#8221;default&#8221; text_font_size=&#8221;17px&#8221; global_colors_info=&#8221;{}&#8221;]<\/p>\n<h1 style=\"text-align: left;\"><span style=\"color: #333333;\">Our mission<\/span><\/h1>\n<p>[\/et_pb_text][et_pb_text _builder_version=&#8221;4.27.4&#8243; _module_preset=&#8221;default&#8221; text_font_size=&#8221;17px&#8221; global_colors_info=&#8221;{}&#8221;]<\/p>\n<p>To contribute to the well-being of pet owners, as well as animal health professionals.<\/p>\n<p>[\/et_pb_text][\/et_pb_column][et_pb_column type=&#8221;1_2&#8243; _builder_version=&#8221;4.16&#8243; custom_padding=&#8221;|||&#8221; custom_padding_tablet=&#8221;|40px||40px||true&#8221; custom_padding_last_edited=&#8221;off|desktop&#8221; global_colors_info=&#8221;{}&#8221; padding_tablet=&#8221;|40px||40px||true&#8221; padding_last_edited=&#8221;off|desktop&#8221; custom_padding__hover=&#8221;|||&#8221;][et_pb_text _builder_version=&#8221;4.24.0&#8243; _module_preset=&#8221;default&#8221; custom_padding=&#8221;||||false|false&#8221; custom_padding_tablet=&#8221;33px||||false|false&#8221; custom_padding_phone=&#8221;33px||||false|false&#8221; custom_padding_last_edited=&#8221;on|phone&#8221; global_colors_info=&#8221;{}&#8221;]<\/p>\n<h1><span style=\"color: #333333;\">Our vision<\/span><\/h1>\n<p>[\/et_pb_text][et_pb_text _builder_version=&#8221;4.27.4&#8243; _module_preset=&#8221;default&#8221; text_font_size=&#8221;17px&#8221; global_colors_info=&#8221;{}&#8221;]<\/p>\n<p>A veterinary environment where communication, collaboration and respect enrich interactions and practices, contributing to the well-being of animals and the fulfillment of people.<\/p>\n<p>[\/et_pb_text][\/et_pb_column][\/et_pb_row][et_pb_row custom_padding_last_edited=&#8221;on|phone&#8221; _builder_version=&#8221;4.24.0&#8243; _module_preset=&#8221;default&#8221; custom_margin_tablet=&#8221;||-31px||false|false&#8221; custom_margin_phone=&#8221;||-47px||false|false&#8221; custom_margin_last_edited=&#8221;on|tablet&#8221; custom_padding_tablet=&#8221;&#8221; custom_padding_phone=&#8221;&#8221; global_colors_info=&#8221;{}&#8221;][et_pb_column type=&#8221;4_4&#8243; _builder_version=&#8221;4.21.0&#8243; _module_preset=&#8221;default&#8221; global_colors_info=&#8221;{}&#8221;][et_pb_divider _builder_version=&#8221;4.24.0&#8243; _module_preset=&#8221;default&#8221; module_alignment=&#8221;center&#8221; global_colors_info=&#8221;{}&#8221;][\/et_pb_divider][\/et_pb_column][\/et_pb_row][et_pb_row _builder_version=&#8221;4.21.0&#8243; _module_preset=&#8221;default&#8221; global_colors_info=&#8221;{}&#8221;][et_pb_column type=&#8221;4_4&#8243; _builder_version=&#8221;4.21.0&#8243; _module_preset=&#8221;default&#8221; global_colors_info=&#8221;{}&#8221;][et_pb_text _builder_version=&#8221;4.21.0&#8243; _module_preset=&#8221;default&#8221; text_font_size=&#8221;17px&#8221; global_colors_info=&#8221;{}&#8221;]<\/p>\n<h1>Our team<\/h1>\n<p>[\/et_pb_text][\/et_pb_column][\/et_pb_row][et_pb_row column_structure=&#8221;1_4,1_4,1_2&#8243; _builder_version=&#8221;4.21.0&#8243; _module_preset=&#8221;default&#8221; global_colors_info=&#8221;{}&#8221;][et_pb_column type=&#8221;1_4&#8243; _builder_version=&#8221;4.21.0&#8243; _module_preset=&#8221;default&#8221; global_colors_info=&#8221;{}&#8221;][et_pb_image src=&#8221;https:\/\/lecornac.ca\/wp-content\/uploads\/2022\/07\/Jeannineclementphotographe-3-scaled.jpg&#8221; title_text=&#8221;Jeannine Cl\u00e9ment&#8221; _builder_version=&#8221;4.21.0&#8243; _module_preset=&#8221;default&#8221; global_colors_info=&#8221;{}&#8221;][\/et_pb_image][\/et_pb_column][et_pb_column type=&#8221;1_4&#8243; _builder_version=&#8221;4.21.0&#8243; _module_preset=&#8221;default&#8221; global_colors_info=&#8221;{}&#8221;][et_pb_text _builder_version=&#8221;4.27.4&#8243; _module_preset=&#8221;default&#8221; text_font_size=&#8221;20px&#8221; global_colors_info=&#8221;{}&#8221;]<\/p>\n<p><span style=\"color: #333333;\"><strong>Dre Karine Maillette, VM, MSW<\/strong><\/span><\/p>\n<p><span style=\"color: #333333;\"><strong>Founder\u00a0<\/strong><\/span><\/p>\n<p><span style=\"color: #333333;\">Social worker<\/span><\/p>\n<p><span style=\"color: #333333;\">Veterinarian<\/span><\/p>\n<p>&nbsp;<\/p>\n<p>[\/et_pb_text][\/et_pb_column][et_pb_column type=&#8221;1_2&#8243; _builder_version=&#8221;4.21.0&#8243; _module_preset=&#8221;default&#8221; global_colors_info=&#8221;{}&#8221;][et_pb_text _builder_version=&#8221;4.27.4&#8243; _module_preset=&#8221;default&#8221; text_font_size=&#8221;17px&#8221; hover_enabled=&#8221;0&#8243; global_colors_info=&#8221;{}&#8221; sticky_enabled=&#8221;0&#8243;]<\/p>\n<p>Karine Maillette has been a veterinary surgeon for 20 years and a social worker with a master&#8217;s degree. A member of the Order of Social Workers, Family and Marriage Therapists of Qu\u00e9bec (OTSTCFQ), and the <em>Ordre des m\u00e9decins v\u00e9t\u00e9rinaires du Qu\u00e9bec<\/em> (OMVQ), she combines expertise in veterinary medicine and social work to promote an integrated approach to animal and human well-being.<\/p>\n<p>Passionate about the importance of human-animal relations, she is also co-chair of the Canadian Veterinary Medical Association&#8217;s (CVMA) WIDEA Committee and a member of the International Association of Veterinary Social Work (IAVSW).<\/p>\n<p>Karine stands out for her dedication to translating scientific evidence into compassionate, practical interventions to ito support and enrich veterinary practice, always improving the quality of life for people and animals.<\/p>\n<p>Thanks to her unique expertise combining veterinary medicine and social work, Karine advocates for a holistic approach that values the importance of the human-animal bond and the harmony between the needs of animals, owners and the veterinary community.<\/p>\n<p>[\/et_pb_text][\/et_pb_column][\/et_pb_row][\/et_pb_section]<\/p>\n","protected":false},"excerpt":{"rendered":"<p>Our missionTo contribute to the well-being of pet owners, as well as animal health professionals.Our visionA veterinary environment where communication, collaboration and respect enrich interactions and practices, contributing to the well-being of animals and the fulfillment of people.Our teamDre Karine Maillette, VM, MSW Founder\u00a0 Social worker Veterinarian &nbsp;Karine Maillette has been a veterinary surgeon for [&hellip;]<\/p>\n","protected":false},"author":1,"featured_media":0,"parent":0,"menu_order":0,"comment_status":"closed","ping_status":"closed","template":"","meta":{"_acf_changed":false,"_et_pb_use_builder":"on","_et_pb_old_content":"","_et_gb_content_width":"","_crdt_document":"","footnotes":""},"class_list":["post-3350","page","type-page","status-publish","hentry"],"acf":[],"yoast_head":"<!-- This site is optimized with the Yoast SEO plugin v27.2 - https:\/\/yoast.com\/product\/yoast-seo-wordpress\/ -->\n<title>LeCornac &#8211; About<\/title>\n<meta name=\"description\" content=\"Offer the necessary tools to face the uncertainties and challenges that the loss of autonomy entails.\" \/>\n<meta name=\"robots\" content=\"index, follow, max-snippet:-1, max-image-preview:large, max-video-preview:-1\" \/>\n<link rel=\"canonical\" href=\"https:\/\/lecornac.ca\/en\/about\/\" \/>\n<meta property=\"og:locale\" content=\"en_US\" \/>\n<meta property=\"og:type\" content=\"article\" \/>\n<meta property=\"og:title\" content=\"LeCornac &#8211; About\" \/>\n<meta property=\"og:description\" content=\"Offer the necessary tools to face the uncertainties and challenges that the loss of autonomy entails.\" \/>\n<meta property=\"og:url\" content=\"https:\/\/lecornac.ca\/en\/about\/\" \/>\n<meta property=\"og:site_name\" content=\"LeCornac\" \/>\n<meta property=\"article:modified_time\" content=\"2025-02-06T19:36:01+00:00\" \/>\n<meta name=\"twitter:card\" content=\"summary_large_image\" \/>\n<meta name=\"twitter:label1\" content=\"Est. reading time\" \/>\n\t<meta name=\"twitter:data1\" content=\"5 minutes\" \/>\n<script type=\"application\/ld+json\" class=\"yoast-schema-graph\">{\"@context\":\"https:\/\/schema.org\",\"@graph\":[{\"@type\":\"WebPage\",\"@id\":\"https:\/\/lecornac.ca\/en\/about\/\",\"url\":\"https:\/\/lecornac.ca\/en\/about\/\",\"name\":\"LeCornac &#8211; About\",\"isPartOf\":{\"@id\":\"https:\/\/lecornac.ca\/en\/#website\"},\"datePublished\":\"2022-01-04T22:48:43+00:00\",\"dateModified\":\"2025-02-06T19:36:01+00:00\",\"description\":\"Offer the necessary tools to face the uncertainties and challenges that the loss of autonomy entails.\",\"breadcrumb\":{\"@id\":\"https:\/\/lecornac.ca\/en\/about\/#breadcrumb\"},\"inLanguage\":\"en-US\",\"potentialAction\":[{\"@type\":\"ReadAction\",\"target\":[\"https:\/\/lecornac.ca\/en\/about\/\"]}]},{\"@type\":\"BreadcrumbList\",\"@id\":\"https:\/\/lecornac.ca\/en\/about\/#breadcrumb\",\"itemListElement\":[{\"@type\":\"ListItem\",\"position\":1,\"name\":\"Home\",\"item\":\"https:\/\/lecornac.ca\/en\/\"},{\"@type\":\"ListItem\",\"position\":2,\"name\":\"About\"}]},{\"@type\":\"WebSite\",\"@id\":\"https:\/\/lecornac.ca\/en\/#website\",\"url\":\"https:\/\/lecornac.ca\/en\/\",\"name\":\"LeCornac\",\"description\":\"Consultation\",\"potentialAction\":[{\"@type\":\"SearchAction\",\"target\":{\"@type\":\"EntryPoint\",\"urlTemplate\":\"https:\/\/lecornac.ca\/en\/?s={search_term_string}\"},\"query-input\":{\"@type\":\"PropertyValueSpecification\",\"valueRequired\":true,\"valueName\":\"search_term_string\"}}],\"inLanguage\":\"en-US\"}]}<\/script>\n<!-- \/ Yoast SEO plugin. -->","yoast_head_json":{"title":"LeCornac &#8211; About","description":"Offer the necessary tools to face the uncertainties and challenges that the loss of autonomy entails.","robots":{"index":"index","follow":"follow","max-snippet":"max-snippet:-1","max-image-preview":"max-image-preview:large","max-video-preview":"max-video-preview:-1"},"canonical":"https:\/\/lecornac.ca\/en\/about\/","og_locale":"en_US","og_type":"article","og_title":"LeCornac &#8211; About","og_description":"Offer the necessary tools to face the uncertainties and challenges that the loss of autonomy entails.","og_url":"https:\/\/lecornac.ca\/en\/about\/","og_site_name":"LeCornac","article_modified_time":"2025-02-06T19:36:01+00:00","twitter_card":"summary_large_image","twitter_misc":{"Est. reading time":"5 minutes"},"schema":{"@context":"https:\/\/schema.org","@graph":[{"@type":"WebPage","@id":"https:\/\/lecornac.ca\/en\/about\/","url":"https:\/\/lecornac.ca\/en\/about\/","name":"LeCornac &#8211; About","isPartOf":{"@id":"https:\/\/lecornac.ca\/en\/#website"},"datePublished":"2022-01-04T22:48:43+00:00","dateModified":"2025-02-06T19:36:01+00:00","description":"Offer the necessary tools to face the uncertainties and challenges that the loss of autonomy entails.","breadcrumb":{"@id":"https:\/\/lecornac.ca\/en\/about\/#breadcrumb"},"inLanguage":"en-US","potentialAction":[{"@type":"ReadAction","target":["https:\/\/lecornac.ca\/en\/about\/"]}]},{"@type":"BreadcrumbList","@id":"https:\/\/lecornac.ca\/en\/about\/#breadcrumb","itemListElement":[{"@type":"ListItem","position":1,"name":"Home","item":"https:\/\/lecornac.ca\/en\/"},{"@type":"ListItem","position":2,"name":"About"}]},{"@type":"WebSite","@id":"https:\/\/lecornac.ca\/en\/#website","url":"https:\/\/lecornac.ca\/en\/","name":"LeCornac","description":"Consultation","potentialAction":[{"@type":"SearchAction","target":{"@type":"EntryPoint","urlTemplate":"https:\/\/lecornac.ca\/en\/?s={search_term_string}"},"query-input":{"@type":"PropertyValueSpecification","valueRequired":true,"valueName":"search_term_string"}}],"inLanguage":"en-US"}]}},"_links":{"self":[{"href":"https:\/\/lecornac.ca\/en\/wp-json\/wp\/v2\/pages\/3350","targetHints":{"allow":["GET"]}}],"collection":[{"href":"https:\/\/lecornac.ca\/en\/wp-json\/wp\/v2\/pages"}],"about":[{"href":"https:\/\/lecornac.ca\/en\/wp-json\/wp\/v2\/types\/page"}],"author":[{"embeddable":true,"href":"https:\/\/lecornac.ca\/en\/wp-json\/wp\/v2\/users\/1"}],"replies":[{"embeddable":true,"href":"https:\/\/lecornac.ca\/en\/wp-json\/wp\/v2\/comments?post=3350"}],"version-history":[{"count":49,"href":"https:\/\/lecornac.ca\/en\/wp-json\/wp\/v2\/pages\/3350\/revisions"}],"predecessor-version":[{"id":29994,"href":"https:\/\/lecornac.ca\/en\/wp-json\/wp\/v2\/pages\/3350\/revisions\/29994"}],"wp:attachment":[{"href":"https:\/\/lecornac.ca\/en\/wp-json\/wp\/v2\/media?parent=3350"}],"curies":[{"name":"wp","href":"https:\/\/api.w.org\/{rel}","templated":true}]}}